{"id":1942,"date":"2024-06-20T13:42:53","date_gmt":"2024-06-20T13:42:53","guid":{"rendered":"https:\/\/sundisp.be\/?page_id=1942"},"modified":"2026-04-23T22:51:06","modified_gmt":"2026-04-23T22:51:06","slug":"buitenwerkers","status":"publish","type":"page","link":"https:\/\/sundisp.be\/it\/buitenwerkers\/","title":{"rendered":"Lavoratori esterni"},"content":{"rendered":"<div class=\"brz-root__container brz-reset-all brz\">\n<section id=\"uOutXdzvc7KD\" class=\"brz-section brz-css-lpNmo brz-css-xsbRC\">\n<div class=\"brz-section__content brz-section--boxed brz-css-dqGJ_ brz-css-buluU\" data-brz-custom-id=\"sK8Hx9nikrTk\">\n<div class=\"brz-container brz-css-xjbU5\">\n<div class=\"brz-row__container brz-css-ca5CN\" data-brz-custom-id=\"l1TA_oQ0SVIS\">\n<div class=\"brz-bg\"><\/div>\n<div class=\"brz-row brz-css-dc2PW\">\n<div class=\"brz-columns brz-css-dAtpF\" data-brz-custom-id=\"ySktvunwbzF2\">\n<div class=\"brz-bg\"><\/div>\n<div class=\"brz-column__items brz-css-dvlCs\">\n<div id=\"\" class=\"brz-css-j9Mkj brz-wrapper\">\n<div class=\"brz-rich-text brz-rich-text__custom brz-css-iIc9X\" data-brz-custom-id=\"dlpsOL6k6fH6\">\n<div data-brz-translate-text=\"1\">\n<h1 data-uniq-id=\"u6bO0\" data-generated-css=\"brz-css-e6dpO\" class=\"brz-tp-lg-empty brz-fs-lg-56 brz-fss-lg-px brz-fw-lg-900 brz-ls-lg-0 brz-lh-lg-1 brz-vfw-lg-400 brz-fwdth-lg-100 brz-fsft-lg-0 brz-fss-xs-px brz-fw-xs-900 brz-ls-xs-0 brz-lh-xs-1 brz-vfw-xs-400 brz-fwdth-xs-100 brz-fsft-xs-0 brz-ff-groifpxwhnbvhfingniomrkxllxpyjarelqt brz-ft-upload brz-tp-xs-empty brz-fs-xs-42 brz-css-a_trG\"><span class=\"brz-cp-color2\">Proteggete il vostro team dai pericoli del sole<\/span><\/h1>\n<\/div>\n<\/div>\n<\/div>\n<div id=\"\" class=\"brz-css-j9Mkj brz-wrapper\">\n<div class=\"brz-rich-text brz-rich-text__custom brz-css-iIc9X\" data-brz-custom-id=\"h9dncwxdRYdO\">\n<div data-brz-translate-text=\"1\">\n<p class=\"brz-tp-lg-paragraph brz-css-yjbTr\" data-generated-css=\"brz-css-pzoNW\" data-uniq-id=\"mOvd8\"><span class=\"brz-cp-color7\">Da Sundisp comprendiamo che la protezione solare sul posto di lavoro deve essere pratica, efficace e conveniente. I nostri dispenser sono progettati per rendere la crema solare disponibile in modo facile ed economico nei vostri cantieri e progetti. <\/span><\/p>\n<\/div>\n<\/div>\n<\/div>\n<div class=\"brz-wrapper-clone brz-css-wtHr4\">\n<div class=\"brz-d-xs-flex brz-flex-xs-wrap brz-css-tV0fu brz-css-vHNwI\" data-brz-custom-id=\"\">\n<div class=\"brz-wrapper-clone__item\" id=\"kqglvevkHpEB\"><a class=\"brz-a brz-btn brz-css-zEID7 brz-css-j8R5l\" href=\"https:\/\/sundisp.be\/it\/negozio\/\" target=\"_self\" rel=\"noopener\" data-brz-link-type=\"external\" data-brz-custom-id=\"kqglvevkHpEB\"><span data-brz-translate-text=\"1\" class=\"brz-span brz-text__editor\">Ordina ora<\/span><\/a><\/div>\n<\/div>\n<\/div>\n<\/div>\n<\/div>\n<div class=\"brz-columns brz-css-dAtpF\" data-brz-custom-id=\"ao3_pb78yMBu\">\n<div class=\"brz-bg\"><\/div>\n<div class=\"brz-column__items brz-css-dvlCs\">\n<div id=\"\" class=\"brz-css-j9Mkj brz-wrapper\">\n<div class=\"brz-image brz-css-emcC8\" data-brz-custom-id=\"nGIrN4IEqAyf\"><img decoding=\"async\" class=\"brz-img\" src=\"https:\/\/sundisp.be\/wp-content\/uploads\/brizy\/imgs\/Middel-4@3x-414x452x0x0x414x452x1718892580.png\" alt=\"\" loading=\"lazy\"><\/div>\n<\/div>\n<\/div>\n<\/div>\n<\/div>\n<\/div>\n<\/div>\n<\/div>\n<\/section>\n<section id=\"scjC5dtL4Wc5\" class=\"brz-section brz-css-lpNmo brz-css-l0WZ6\">\n<div class=\"brz-section__content brz-section--boxed brz-css-dqGJ_ brz-css-bWiWf\" data-brz-custom-id=\"jcBsLRypHuDq\">\n<div class=\"brz-bg\">\n<div class=\"brz-bg-color\"><\/div>\n<div class=\"brz-bg-shape brz-bg-shape__top\"><\/div>\n<\/div>\n<div class=\"brz-container brz-css-xjbU5\">\n<div id=\"\" class=\"brz-css-j9Mkj brz-css-pSmR6 brz-wrapper\">\n<div class=\"brz-spacer brz-css-pLlek brz-css-kfgof\"><\/div>\n<\/div>\n<div class=\"brz-row__container brz-css-ca5CN\" data-brz-custom-id=\"ttK4MASzCrVX\">\n<div class=\"brz-bg\"><\/div>\n<div class=\"brz-row brz-css-dc2PW\">\n<div class=\"brz-columns brz-css-dAtpF brz-css-hkXxg\" data-brz-custom-id=\"leAbZgB1flcA\">\n<div class=\"brz-bg\"><\/div>\n<div class=\"brz-column__items brz-css-dvlCs\">\n<div id=\"\" class=\"brz-css-j9Mkj brz-wrapper\">\n<div class=\"brz-rich-text brz-rich-text__custom brz-css-iIc9X\" data-brz-custom-id=\"u9oeMzFQ0Q_N\">\n<div data-brz-translate-text=\"1\">\n<h2 data-uniq-id=\"nzVbp\" data-generated-css=\"brz-css-q98QW\" class=\"brz-tp-lg-heading2 brz-text-xs-center brz-css-nkmQ2\"><span class=\"brz-cp-color1\">Protezione solare? <\/span><\/h2>\n<h2 data-uniq-id=\"cCk4t\" data-generated-css=\"brz-css-pmI6a\" class=\"brz-tp-lg-heading2 brz-text-xs-center brz-css-maDer\"><span class=\"brz-cp-color1\">S\u00ec, grazie!<\/span><\/h2>\n<\/div>\n<\/div>\n<\/div>\n<div id=\"\" class=\"brz-css-j9Mkj brz-wrapper\">\n<div class=\"brz-rich-text brz-rich-text__custom brz-css-iIc9X\" data-brz-custom-id=\"aoNbqQeGs08N\">\n<div data-brz-translate-text=\"1\">\n<p class=\"brz-tp-lg-paragraph brz-css-wSlug\" data-generated-css=\"brz-css-y_LRf\" data-uniq-id=\"aL9N4\"><span class=\"brz-cp-color7\">Negli ultimi anni il numero di persone affette da tumore della pelle \u00e8 aumentato notevolmente. In meno di 20 anni, il numero di nuovi casi annuali \u00e8 quadruplicato.  <\/span><\/p>\n<p class=\"brz-tp-lg-paragraph brz-css-qgXAh\" data-generated-css=\"brz-css-y_LRf\" data-uniq-id=\"aL9N4\"><span class=\"brz-cp-color7\"> <\/span><\/p>\n<p class=\"brz-tp-lg-paragraph brz-css-t90aF\" data-generated-css=\"brz-css-y_LRf\" data-uniq-id=\"aL9N4\"><span class=\"brz-cp-color7\">In qualit\u00e0 di project manager, consulente per la prevenzione o datore di lavoro, sapete che la salute e la sicurezza del vostro team sono di fondamentale importanza. <\/span><\/p>\n<p class=\"brz-tp-lg-paragraph brz-css-a6B6g\" data-generated-css=\"brz-css-zE2kg\" data-uniq-id=\"fx0lS\"><span class=\"brz-cp-color7\"> <\/span><\/p>\n<p class=\"brz-tp-lg-paragraph brz-css-z8rG_\" data-generated-css=\"brz-css-mgiUW\" data-uniq-id=\"m8q_C\"><span class=\"brz-cp-color7\">Dagelijks werken in de volle zon brengt aanzienlijke gezondheidsrisico&#8217;s met zich mee. Lagere productiviteit, ziekteverzuim, uitputting. Daarom is zonbescherming cruciaal voor de veiligheid en het welzijn van je werknemers.<\/span><\/p>\n<\/div>\n<\/div>\n<\/div>\n<\/div>\n<\/div>\n<div class=\"brz-columns brz-css-dAtpF brz-css-ftHdG\" data-brz-custom-id=\"udfmt40ry4Ph\">\n<div class=\"brz-bg\"><\/div>\n<div class=\"brz-column__items brz-css-dvlCs brz-css-m1ysN\">\n<div id=\"\" class=\"brz-css-j9Mkj brz-wrapper\">\n<div class=\"brz-rich-text brz-rich-text__custom brz-css-iIc9X\" data-brz-custom-id=\"oFIGKg_M0bf8\">\n<div data-brz-translate-text=\"1\">\n<h2 class=\"brz-tp-lg-heading2 brz-text-xs-center brz-css-iXIRq\" data-generated-css=\"brz-css-wzDV5\" data-uniq-id=\"zuqIT\"><span class=\"brz-cp-color1\">Legislazione e protezione solare<\/span><\/h2>\n<\/div>\n<\/div>\n<\/div>\n<div id=\"\" class=\"brz-css-j9Mkj brz-wrapper\">\n<div class=\"brz-rich-text brz-rich-text__custom brz-css-iIc9X\" data-brz-custom-id=\"t3IHsDEpPKbo\">\n<div data-brz-translate-text=\"1\">\n<p class=\"brz-tp-lg-paragraph brz-css-zrwaX\" data-generated-css=\"brz-css-j1WW5\" data-uniq-id=\"zkI7b\"><span class=\"brz-cp-color7\">Quando fa troppo caldo sul lavoro, i lavoratori hanno diritto a una serie di misure di protezione. In Belgio, la protezione solare rientra tra <\/span><em class=\"brz-cp-color7\">dispositivi di protezione collettiva e personale<\/em><span class=\"brz-cp-color7\">. Ci\u00f2 significa che, in qualit\u00e0 di datore di lavoro, avete la responsabilit\u00e0 di proteggere i vostri dipendenti dai danni del sole. Le misure pratiche che potete adottare sono:<\/span><\/p>\n<p class=\"brz-tp-lg-paragraph brz-css-gbpyx\" data-generated-css=\"brz-css-j1WW5\" data-uniq-id=\"zkI7b\"><span class=\"brz-cp-color7\"> <\/span><\/p>\n<ul>\n<li class=\"brz-tp-lg-paragraph brz-css-tzOAR\" data-generated-css=\"brz-css-tZ50A\" data-uniq-id=\"gEuvo\"><strong class=\"brz-cp-color7\">Adeguamento dell'orario di lavoro:<\/strong><span class=\"brz-cp-color7\"> Evitare le ore pi\u00f9 calde della giornata.<\/span><\/li>\n<li class=\"brz-tp-lg-paragraph brz-css-oQH0l\" data-generated-css=\"brz-css-dtc83\" data-uniq-id=\"dsGe2\"><strong class=\"brz-cp-color7\">Acqua e bevande fresche in abbondanza:<\/strong><span class=\"brz-cp-color7\"> Mantenete il vostro team idratato.<\/span><\/li>\n<li class=\"brz-tp-lg-paragraph brz-css-oJ9rS\" data-generated-css=\"brz-css-i_R1U\" data-uniq-id=\"rknU5\"><strong class=\"brz-cp-color7\">Aree ombreggiate:<\/strong><span class=\"brz-cp-color7\"> Predisporre spazi per le pause dei dipendenti.<\/span><\/li>\n<li class=\"brz-tp-lg-paragraph brz-css-j6OKN\" data-generated-css=\"brz-css-yYMi_\" data-uniq-id=\"inJlM\"><strong class=\"brz-cp-color7\">Protezione solare:<\/strong><span class=\"brz-cp-color7\"> Garantire un accesso adeguato e facile alla protezione solare.<\/span><\/li>\n<\/ul>\n<p class=\"brz-tp-lg-paragraph brz-css-g1vyg\" data-generated-css=\"brz-css-jj2eD\" data-uniq-id=\"j2Q4x\"><span class=\"brz-cp-color7\"> <\/span><\/p>\n<p class=\"brz-tp-lg-paragraph brz-css-auk2v\" data-generated-css=\"brz-css-duJyG\" data-uniq-id=\"hec_8\"><span class=\"brz-cp-color7\">L'implementazione di queste misure garantisce la protezione dei dipendenti e la conformit\u00e0 ai requisiti di legge.<\/span><\/p>\n<\/div>\n<\/div>\n<\/div>\n<\/div>\n<\/div>\n<\/div>\n<\/div>\n<\/div>\n<\/div>\n<\/section>\n<section id=\"b3sjMj_MoUUH\" class=\"brz-section brz-css-lpNmo\">\n<div class=\"brz-section__content brz-section--boxed brz-css-dqGJ_ brz-css-uDHrb\" data-brz-custom-id=\"o3cKQLeZRO5z\">\n<div class=\"brz-bg\">\n<div class=\"brz-bg-color\"><\/div>\n<\/div>\n<div class=\"brz-container brz-css-xjbU5\">\n<div class=\"brz-row__container brz-css-ca5CN brz-css-bS0Am\" data-brz-custom-id=\"arsO13V1rctl\">\n<div class=\"brz-bg\"><\/div>\n<div class=\"brz-row brz-css-dc2PW\">\n<div class=\"brz-columns brz-css-dAtpF brz-css-fOdtj\" data-brz-custom-id=\"fVvkyDTYwW4M\">\n<div class=\"brz-bg\"><\/div>\n<div class=\"brz-column__items brz-css-dvlCs\">\n<div id=\"\" class=\"brz-css-j9Mkj brz-wrapper\">\n<div class=\"brz-rich-text brz-rich-text__custom brz-css-iIc9X\" data-brz-custom-id=\"bQvkMEiAX_VJ\">\n<div data-brz-translate-text=\"1\">\n<h2 class=\"brz-tp-lg-heading2 brz-text-xs-center brz-css-gxQ5E\" data-generated-css=\"brz-css-xlC3H\" data-uniq-id=\"ax3_3\"><strong class=\"brz-cp-color8\">Il dispenser di crema solare Sundisp<\/strong><\/h2>\n<\/div>\n<\/div>\n<\/div>\n<div id=\"\" class=\"brz-css-j9Mkj brz-wrapper\">\n<div class=\"brz-rich-text brz-rich-text__custom brz-css-iIc9X\" data-brz-custom-id=\"zPiD8zOvsoHJ\">\n<div data-brz-translate-text=\"1\">\n<p class=\"brz-tp-lg-paragraph brz-css-r_RDR\" data-generated-css=\"brz-css-jCyzO\" data-uniq-id=\"qg7AQ\"><span class=\"brz-cp-color1\">Sappiamo che la protezione solare per il vostro team deve essere pratica, efficace e conveniente. Scoprite i vantaggi del nostro dispenser di protezione solare:<\/span><\/p>\n<\/div>\n<\/div>\n<\/div>\n<div id=\"\" class=\"brz-css-j9Mkj brz-wrapper\">\n<div class=\"brz-rich-text brz-rich-text__custom brz-css-iIc9X\" data-brz-custom-id=\"xUdZYaC55DQT\">\n<div data-brz-translate-text=\"1\">\n<ul>\n<li class=\"brz-tp-lg-paragraph brz-css-lFHsC\" data-generated-css=\"brz-css-nI9L7\" data-uniq-id=\"nYvGj\"><strong class=\"brz-cp-color1\">Facile da usare e da mantenere:<\/strong><span class=\"brz-cp-color1\"> Nessun problema, solo protezione<\/span><\/li>\n<li data-generated-css=\"brz-css-nI9L7\" data-uniq-id=\"nYvGj\" class=\"brz-tp-lg-paragraph brz-bcp-color1 brz-css-jUVrn\"><strong class=\"brz-cp-color1\">Include protezione solare (SPF30 o 50) e ricaricabile.<\/strong><span class=\"brz-cp-color1\"> <\/span><\/li>\n<li data-generated-css=\"brz-css-yJd73\" data-uniq-id=\"r465S\" class=\"brz-tp-lg-paragraph brz-bcp-color1 brz-css-ovnlD\"><strong class=\"brz-cp-color1\">Igienico e senza contatto<\/strong><\/li>\n<li class=\"brz-tp-lg-paragraph brz-css-u63kx\" data-generated-css=\"brz-css-yHP20\" data-uniq-id=\"hPG79\"><strong class=\"brz-cp-color1\">Efficiente dal punto di vista dei costi:<\/strong><span class=\"brz-cp-color1\"> protezione di alta qualit\u00e0 senza spendere una fortuna<\/span><\/li>\n<li data-generated-css=\"brz-css-yHP20\" data-uniq-id=\"hPG79\" class=\"brz-tp-lg-paragraph brz-css-kezJw\"><strong class=\"brz-cp-color1\">Progettato per uso interno ed esterno <\/strong><\/li>\n<li data-generated-css=\"brz-css-yHP20\" data-uniq-id=\"hPG79\" class=\"brz-tp-lg-paragraph brz-css-pGEZ9\"><strong class=\"brz-cp-color1\">Personalizzabile secondo lo stile della vostra impresa di costruzioni <\/strong><\/li>\n<\/ul>\n<\/div>\n<\/div>\n<\/div>\n<\/div>\n<\/div>\n<div class=\"brz-columns brz-css-dAtpF brz-css-q7kr0\" data-brz-custom-id=\"zscZ3pocpKn6\">\n<div class=\"brz-bg\">\n<div class=\"brz-bg-color\"><\/div>\n<\/div>\n<div class=\"brz-column__items brz-css-dvlCs\">\n<div id=\"\" class=\"brz-css-j9Mkj brz-wrapper\">\n<div class=\"brz-image brz-css-pTA1r\" data-brz-custom-id=\"hNy2DrgEfc8I\"><img decoding=\"async\" class=\"brz-img\" src=\"https:\/\/sundisp.be\/wp-content\/uploads\/brizy\/imgs\/Sundisp-Side.71v2-400x285x10x0x381x285x1619164620.png\" alt=\"\" loading=\"lazy\"><\/div>\n<\/div>\n<div class=\"brz-wrapper-clone brz-css-wtHr4\">\n<div class=\"brz-d-xs-flex brz-flex-xs-wrap brz-css-tV0fu\" data-brz-custom-id=\"\">\n<div class=\"brz-wrapper-clone__item\" id=\"v2fNQxQlvhkx\"><a class=\"brz-a brz-btn brz-css-zEID7 brz-css-kp5I8\" href=\"https:\/\/sundisp.be\/it\/negozio\/\" target=\"_self\" rel=\"noopener\" data-brz-link-type=\"external\" data-brz-custom-id=\"v2fNQxQlvhkx\"><span data-brz-translate-text=\"1\" class=\"brz-span brz-text__editor\">Ordina ora<\/span><\/a><\/div>\n<\/div>\n<\/div>\n<\/div>\n<\/div>\n<\/div>\n<\/div>\n<\/div>\n<\/div>\n<\/section>\n<section id=\"gbhvQY7OPC76\" class=\"brz-section brz-css-lpNmo\">\n<div class=\"brz-section__content brz-section--boxed brz-css-dqGJ_ brz-css-n7Nb5\" data-brz-custom-id=\"ddhKiwJsHxBY\">\n<div class=\"brz-bg\">\n<div class=\"brz-bg-color\"><\/div>\n<\/div>\n<div class=\"brz-container brz-css-xjbU5\">\n<div class=\"brz-row__container brz-css-ca5CN\" data-brz-custom-id=\"kVxbhXe0ARpB\">\n<div class=\"brz-bg\"><\/div>\n<div class=\"brz-row brz-css-dc2PW\">\n<div class=\"brz-columns brz-css-dAtpF brz-css-sdUJ9\" data-brz-custom-id=\"nnPZK65YLfKk\">\n<div class=\"brz-bg\"><\/div>\n<div class=\"brz-column__items brz-css-dvlCs\">\n<div id=\"\" class=\"brz-css-j9Mkj brz-wrapper\">\n<div class=\"brz-image brz-css-cJyQQ\" data-brz-custom-id=\"wMDq8hnQOXNl\"><img decoding=\"async\" class=\"brz-img brz-img-svg\" src=\"https:\/\/sundisp.be\/wp-content\/uploads\/2024\/06\/Duim-buitenwerker.svg\" alt=\"\" loading=\"lazy\"><\/div>\n<\/div>\n<\/div>\n<\/div>\n<div class=\"brz-columns brz-css-dAtpF brz-css-hib0q\" data-brz-custom-id=\"bvSi9bjiYccK\">\n<div class=\"brz-bg\"><\/div>\n<div class=\"brz-column__items brz-css-dvlCs brz-css-m_AbF\">\n<div class=\"brz-wrapper-clone brz-css-wtHr4\">\n<div class=\"brz-d-xs-flex brz-flex-xs-wrap brz-css-tV0fu\" data-brz-custom-id=\"\">\n<div class=\"brz-wrapper-clone__item\" id=\"pBZ1ZHYzGX4u\">\n<div class=\"brz-icon__container\" data-brz-custom-id=\"pBZ1ZHYzGX4u\"><span class=\"brz-icon brz-span brz-css-tW0Li brz-css-xOHrU\"><\/span><\/div>\n<\/div>\n<\/div>\n<\/div>\n<div id=\"\" class=\"brz-css-j9Mkj brz-wrapper\">\n<div class=\"brz-rich-text brz-rich-text__custom brz-css-iIc9X\" data-brz-custom-id=\"fHuMCNNwt0QW\">\n<div data-brz-translate-text=\"1\">\n<p class=\"brz-text-lg-center brz-text-xs-center brz-tp-lg-heading5 brz-css-ivjE_\" data-generated-css=\"brz-css-x0TMJ\" data-uniq-id=\"dYoL6\"><span class=\"brz-cp-color1\">Sinds we samenwerken met Sundisp smeren onze mensen zich veel vaker in. Zodra de zon schijnt weten ze de zonnecr\u00e8me dispenser te vinden.<\/span><\/p>\n<\/div>\n<\/div>\n<\/div>\n<div id=\"\" class=\"brz-css-j9Mkj brz-css-qgdzI brz-wrapper\">\n<div class=\"brz-rich-text brz-rich-text__custom brz-css-iIc9X\" data-brz-custom-id=\"cw0weyDLOppK\">\n<div data-brz-translate-text=\"1\">\n<p class=\"brz-text-lg-center brz-tp-lg-paragraph brz-css-xKm7k\" data-uniq-id=\"rhMx0\" data-generated-css=\"brz-css-rWi4Y\"><strong class=\"brz-cp-color2\">DANILITH<\/strong><\/p>\n<\/div>\n<\/div>\n<\/div>\n<div id=\"\" class=\"brz-css-j9Mkj brz-css-eDfeP brz-wrapper\">\n<div class=\"brz-rich-text brz-rich-text__custom brz-css-iIc9X\" data-brz-custom-id=\"ih6A9zKcUXGP\">\n<div data-brz-translate-text=\"1\">\n<p class=\"brz-tp-lg-abovetitle brz-text-lg-center brz-css-d75Wa\" data-generated-css=\"brz-css-qh_m8\" data-uniq-id=\"wSCf7\"><span class=\"brz-cp-color7\">Carlo Delmulle <\/span><\/p>\n<\/div>\n<\/div>\n<\/div>\n<\/div>\n<\/div>\n<\/div>\n<\/div>\n<\/div>\n<\/div>\n<\/section>\n<\/div>\n<p>    <!-- version:1722836923 --><\/p>","protected":false},"excerpt":{"rendered":"<p>Bescherm je team tegen de gevaren van de zon Bij Sundisp begrijpen we dat zonbescherming op de werkplaats praktisch, effectief en betaalbaar moet zijn. Onze dispensers zijn ontworpen om zonnecr\u00e8me op een gemakkelijke en kosteneffici\u00ebnte wijze beschikbaar te maken op uw werven en projecten. Bestel nu Zonnecr\u00e8me? Yes please! Het aantal mensen met huidkanker is [&hellip;]<\/p>","protected":false},"author":1,"featured_media":0,"parent":0,"menu_order":0,"comment_status":"closed","ping_status":"closed","template":"brizy-blank-template.php","meta":{"inline_featured_image":false,"site-sidebar-layout":"default","site-content-layout":"","ast-site-content-layout":"default","site-content-style":"default","site-sidebar-style":"default","ast-global-header-display":"","ast-banner-title-visibility":"","ast-main-header-display":"","ast-hfb-above-header-display":"","ast-hfb-below-header-display":"","ast-hfb-mobile-header-display":"","site-post-title":"","ast-breadcrumbs-content":"","ast-featured-img":"","footer-sml-layout":"","theme-transparent-header-meta":"","adv-header-id-meta":"","stick-header-meta":"","header-above-stick-meta":"","header-main-stick-meta":"","header-below-stick-meta":"","astra-migrate-meta-layouts":"set","ast-page-background-enabled":"default","ast-page-background-meta":{"desktop":{"background-color":"","background-image":"","background-repeat":"repeat","background-position":"center center","background-size":"auto","background-attachment":"scroll","background-type":"","background-media":"","overlay-type":"","overlay-color":"","overlay-opacity":"","overlay-gradient":""},"tablet":{"background-color":"","background-image":"","background-repeat":"repeat","background-position":"center center","background-size":"auto","background-attachment":"scroll","background-type":"","background-media":"","overlay-type":"","overlay-color":"","overlay-opacity":"","overlay-gradient":""},"mobile":{"background-color":"","background-image":"","background-repeat":"repeat","background-position":"center center","background-size":"auto","background-attachment":"scroll","background-type":"","background-media":"","overlay-type":"","overlay-color":"","overlay-opacity":"","overlay-gradient":""}},"ast-content-background-meta":{"desktop":{"background-color":"var(--ast-global-color-5)","background-image":"","background-repeat":"repeat","background-position":"center center","background-size":"auto","background-attachment":"scroll","background-type":"","background-media":"","overlay-type":"","overlay-color":"","overlay-opacity":"","overlay-gradient":""},"tablet":{"background-color":"var(--ast-global-color-5)","background-image":"","background-repeat":"repeat","background-position":"center center","background-size":"auto","background-attachment":"scroll","background-type":"","background-media":"","overlay-type":"","overlay-color":"","overlay-opacity":"","overlay-gradient":""},"mobile":{"background-color":"var(--ast-global-color-5)","background-image":"","background-repeat":"repeat","background-position":"center center","background-size":"auto","background-attachment":"scroll","background-type":"","background-media":"","overlay-type":"","overlay-color":"","overlay-opacity":"","overlay-gradient":""}},"footnotes":""},"class_list":["post-1942","page","type-page","status-publish","hentry"],"brizy_media":[{"id":905,"url":"https:\/\/sundisp.be\/wp-content\/uploads\/2021\/04\/Sundisp-Side.71v2.png","name":"Sundisp-Side.71v2.png","meta":{"brizy_attachment_uid":"wp-996bdb0301e3c7277f5bb18c79d29a41.png","brizy_post_uid":["bfd73a92c6f5e772b497e5f586538fe5","ef471cdf5effb87bfae8d0eb5d896a5d","421107760b7394a437acbc68f9bfc303"]}},{"id":1950,"url":"https:\/\/sundisp.be\/wp-content\/uploads\/2024\/06\/Middel-3@3x.png","name":"Middel-3@3x.png","meta":{"brizy_attachment_uid":"wp-f3b9d89b10646928e29d3de84ce50240.png","brizy_post_uid":["421107760b7394a437acbc68f9bfc303"]}},{"id":1951,"url":"https:\/\/sundisp.be\/wp-content\/uploads\/2024\/06\/Middel-4@3x.png","name":"Middel-4@3x.png","meta":{"brizy_attachment_uid":"wp-858608a2480b5b2db24f6cd32feef75a.png","brizy_post_uid":["421107760b7394a437acbc68f9bfc303"]}},{"id":1948,"url":"https:\/\/sundisp.be\/wp-content\/uploads\/2024\/06\/Duim-buitenwerker.svg","name":"Duim-buitenwerker.svg","meta":{"brizy_attachment_uid":"wp-556d15a65af6d574b0cff3f10205dd0c.svg","brizy_post_uid":["421107760b7394a437acbc68f9bfc303"]}}],"_links":{"self":[{"href":"https:\/\/sundisp.be\/it\/wp-json\/wp\/v2\/pages\/1942","targetHints":{"allow":["GET"]}}],"collection":[{"href":"https:\/\/sundisp.be\/it\/wp-json\/wp\/v2\/pages"}],"about":[{"href":"https:\/\/sundisp.be\/it\/wp-json\/wp\/v2\/types\/page"}],"author":[{"embeddable":true,"href":"https:\/\/sundisp.be\/it\/wp-json\/wp\/v2\/users\/1"}],"replies":[{"embeddable":true,"href":"https:\/\/sundisp.be\/it\/wp-json\/wp\/v2\/comments?post=1942"}],"version-history":[{"count":26,"href":"https:\/\/sundisp.be\/it\/wp-json\/wp\/v2\/pages\/1942\/revisions"}],"predecessor-version":[{"id":2128,"href":"https:\/\/sundisp.be\/it\/wp-json\/wp\/v2\/pages\/1942\/revisions\/2128"}],"wp:attachment":[{"href":"https:\/\/sundisp.be\/it\/wp-json\/wp\/v2\/media?parent=1942"}],"curies":[{"name":"wp","href":"https:\/\/api.w.org\/{rel}","templated":true}]}}